{"id":40,"date":"2015-01-18T15:56:43","date_gmt":"2015-01-18T15:56:43","guid":{"rendered":"https:\/\/www.lange-zimmerei.de\/?page_id=40"},"modified":"2022-03-07T08:56:01","modified_gmt":"2022-03-07T08:56:01","slug":"wir-uber-uns","status":"publish","type":"page","link":"https:\/\/www.lange-zimmerei.de\/?page_id=40","title":{"rendered":"Wir \u00fcber uns"},"content":{"rendered":"<h4 style=\"text-align: center;\" align=\"justify\">Wir sind ein kleines und starkes Familien-Unternehmen aus der Gemeinde Giekau bei L\u00fctjenburg. Seit Juni 2006 sind wir im Zimmereihandwerk selbstst\u00e4ndig t\u00e4tig. Wir zeichnen uns durch Individualit\u00e4t und Flexibilit\u00e4t besonders aus. Mit qualifizierter Beratung und technischen Knowhow stellen wir unseren Qualit\u00e4tsstandard sicher.<\/h4>\n<h4 style=\"text-align: center;\" align=\"justify\">Wir bevorzugen \u00fcberwiegend lokale Zulieferer f\u00fcr unsere Baumaterialien. Beim Beziehen unserer Produkte ist uns Qualit\u00e4t \u201eMade in Germany\u201c wichtig.<\/h4>\n<h4 style=\"text-align: center;\" align=\"justify\">Gem\u00e4\u00df unserem Motto \u201eQualit\u00e4t trotz Leistung\u201c stellen wir seit nun mehr sechzehn Jahren unsere Kunden zufrieden.<\/h4>\n","protected":false},"excerpt":{"rendered":"<p>Wir sind ein kleines und starkes Familien-Unternehmen aus der Gemeinde Giekau bei L\u00fctjenburg. Seit Juni 2006 sind wir im Zimmereihandwerk selbstst\u00e4ndig t\u00e4tig. Wir zeichnen uns durch Individualit\u00e4t und Flexibilit\u00e4t besonders aus. Mit qualifizierter Beratung und technischen Knowhow stellen wir unseren Qualit\u00e4tsstandard sicher. Wir bevorzugen \u00fcberwiegend lokale Zulieferer f\u00fcr unsere Baumaterialien. Beim Beziehen unserer Produkte ist [&hellip;]<\/p>\n","protected":false},"author":1,"featured_media":49,"parent":0,"menu_order":0,"comment_status":"open","ping_status":"open","template":"","meta":{"footnotes":""},"class_list":["post-40","page","type-page","status-publish","has-post-thumbnail","czr-hentry"],"_links":{"self":[{"href":"https:\/\/www.lange-zimmerei.de\/index.php?rest_route=\/wp\/v2\/pages\/40","targetHints":{"allow":["GET"]}}],"collection":[{"href":"https:\/\/www.lange-zimmerei.de\/index.php?rest_route=\/wp\/v2\/pages"}],"about":[{"href":"https:\/\/www.lange-zimmerei.de\/index.php?rest_route=\/wp\/v2\/types\/page"}],"author":[{"embeddable":true,"href":"https:\/\/www.lange-zimmerei.de\/index.php?rest_route=\/wp\/v2\/users\/1"}],"replies":[{"embeddable":true,"href":"https:\/\/www.lange-zimmerei.de\/index.php?rest_route=%2Fwp%2Fv2%2Fcomments&post=40"}],"version-history":[{"count":3,"href":"https:\/\/www.lange-zimmerei.de\/index.php?rest_route=\/wp\/v2\/pages\/40\/revisions"}],"predecessor-version":[{"id":148,"href":"https:\/\/www.lange-zimmerei.de\/index.php?rest_route=\/wp\/v2\/pages\/40\/revisions\/148"}],"wp:featuredmedia":[{"embeddable":true,"href":"https:\/\/www.lange-zimmerei.de\/index.php?rest_route=\/wp\/v2\/media\/49"}],"wp:attachment":[{"href":"https:\/\/www.lange-zimmerei.de\/index.php?rest_route=%2Fwp%2Fv2%2Fmedia&parent=40"}],"curies":[{"name":"wp","href":"https:\/\/api.w.org\/{rel}","templated":true}]}}